{"id":29,"date":"2016-10-03T19:44:21","date_gmt":"2016-10-03T19:44:21","guid":{"rendered":"http:\/\/cpgarciagaldeano.educacion.navarra.es\/web\/blogg5\/?page_id=29"},"modified":"2017-10-28T12:47:25","modified_gmt":"2017-10-28T10:47:25","slug":"mates","status":"publish","type":"page","link":"https:\/\/cpgarciagaldeano.educacion.navarra.es\/web\/blogg5\/mates\/","title":{"rendered":"MATES"},"content":{"rendered":"<h1><strong>CONTENIDOS CLAVE<\/strong><\/h1>\n<p style=\"text-align: justify\"><strong>Han de proporcionar al alumnado la oportunidad de incorporar las matem\u00e1ticas al bagaje de saberes que le son \u00fatiles en la vida diaria, fortaleciendo las relaciones que hay entre las matem\u00e1ticas y el mundo que le rodea; donde desarrolle su gusto por la actividad matem\u00e1tica, apoyado en una opini\u00f3n favorable hacia la propia actividad para desarrollarla; donde se aprenda y practique el trabajo en equipo, valorando y respetando las opiniones propias y las de los dem\u00e1s.<\/strong><\/p>\n<p>2.- LAS POTENCIAS<\/p>\n<p style=\"text-align: center\"><a href=\"http:\/\/www3.gobiernodecanarias.org\/medusa\/eltanquematematico\/laspotencias\/inicio\/potencias_p.html\"><img loading=\"lazy\" class=\"alignnone wp-image-1360 size-medium\" src=\"https:\/\/cpgarciagaldeano.educacion.navarra.es\/web\/blogg5\/wp-content\/uploads\/sites\/6\/2016\/10\/potencias-300x218.jpg\" alt=\"\" width=\"300\" height=\"218\" srcset=\"https:\/\/cpgarciagaldeano.educacion.navarra.es\/web\/blogg5\/wp-content\/uploads\/sites\/6\/2016\/10\/potencias-300x218.jpg 300w, https:\/\/cpgarciagaldeano.educacion.navarra.es\/web\/blogg5\/wp-content\/uploads\/sites\/6\/2016\/10\/potencias-412x300.jpg 412w, https:\/\/cpgarciagaldeano.educacion.navarra.es\/web\/blogg5\/wp-content\/uploads\/sites\/6\/2016\/10\/potencias.jpg 470w\" sizes=\"(max-width: 300px) 100vw, 300px\" \/><\/a><\/p>\n<p><a href=\"https:\/\/cpgarciagaldeano.educacion.navarra.es\/web\/blogg5\/wp-content\/uploads\/sites\/6\/2016\/10\/t3-POTENCIAS-Y-RAICES.pdf\">POTENCIAS-Y-RAICES<\/a>\u00a0Para entender<\/p>\n<p>1.- M\u00cdNIMO COM\u00daN M\u00daLTIPLO y M\u00c1XIMO COM\u00daN DIVISOR<\/p>\n<p><a href=\"http:\/\/www.educarchile.cl\/ech\/pro\/app\/detalle?ID=188454\" target=\"_blank\" rel=\"noopener\">Para practicar y jugar<\/a><\/p>\n<p><a href=\"http:\/\/www3.gobiernodecanarias.org\/medusa\/eltanquematematico\/todo_mate\/multiplosydivisores\/multiplosydivisores_p.html\" target=\"_blank\" rel=\"noopener\">Para practicar<\/a><\/p>\n<ul>\n<li>N\u00daMEROS PRIMOS<\/li>\n<\/ul>\n<p><a href=\"http:\/\/web.educastur.princast.es\/ies\/pravia\/carpetas\/recursos\/mates\/anaya1\/datos\/03\/04.htm\" target=\"_blank\" rel=\"noopener\">Para Practicar<\/a><\/p>\n<p style=\"text-align: justify\">AVENTURA MATEM\u00c1TICA<\/p>\n<div class=\"allcontent\">Resolvemos el misterio aplicando nuestros conocimientos matem\u00e1ticos sobre figuras y medidas. Alguien ha robado en la Mansi\u00f3n de los laberintos y te han pedido que resuelvas el misterio. Si fallas, \u00a1los ladrones se quedar\u00e1n todo el bot\u00edn! El libro te plantea divertidos problemas que tendr\u00e1s que solucionar para ir saltando de p\u00e1gina en p\u00e1gina, as\u00ed vosotros mismos decidir\u00e9is \u00a0c\u00f3mo se desarrolla la historia.<\/div>\n<p><iframe loading=\"lazy\" width=\"584\" height=\"329\" src=\"https:\/\/www.youtube.com\/embed\/h1OUFv5tLGU?feature=oembed\" frameborder=\"0\" gesture=\"media\" allowfullscreen><\/iframe><\/p>\n<ul>\n<li style=\"text-align: justify\"><a href=\"http:\/\/ntic.educacion.es\/w3\/recursos\/primaria\/matematicas\/superficie\/menu.html\">EJERCICIOS PARA COMPRENDER<\/a>\u00a0la geometr\u00eda<\/li>\n<li style=\"text-align: justify\"><a href=\"https:\/\/www.matematicasonline.es\/matesbasicas\/matesbasicas7.html\">GEOMETR\u00cdA<\/a><\/li>\n<\/ul>\n<p style=\"text-align: justify\">5.- UNIDADES DE MEDIDA<\/p>\n<ul>\n<li style=\"text-align: justify\">EJERCICIOS PARA <a href=\"http:\/\/www.vedoque.com\/juegos\/juego.php?j=matematicas-10-volumen\">COMPRENDER Y PRACTICAR<\/a><\/li>\n<li style=\"text-align: justify\"><a href=\"http:\/\/ntic.educacion.es\/w3\/recursos\/primaria\/matematicas\/volumen\/menu.html\">El volumen y la capacidad<\/a><\/li>\n<\/ul>\n<p style=\"text-align: center\"><a href=\"https:\/\/cpgarciagaldeano.educacion.navarra.es\/web\/blogg5\/wp-content\/uploads\/sites\/6\/2016\/10\/medidas1collage.jpg\"><img loading=\"lazy\" class=\"alignnone size-medium wp-image-1146\" src=\"https:\/\/cpgarciagaldeano.educacion.navarra.es\/web\/blogg5\/wp-content\/uploads\/sites\/6\/2016\/10\/medidas1collage-291x300.jpg\" alt=\"\" width=\"291\" height=\"300\" srcset=\"https:\/\/cpgarciagaldeano.educacion.navarra.es\/web\/blogg5\/wp-content\/uploads\/sites\/6\/2016\/10\/medidas1collage-291x300.jpg 291w, https:\/\/cpgarciagaldeano.educacion.navarra.es\/web\/blogg5\/wp-content\/uploads\/sites\/6\/2016\/10\/medidas1collage-768x792.jpg 768w, https:\/\/cpgarciagaldeano.educacion.navarra.es\/web\/blogg5\/wp-content\/uploads\/sites\/6\/2016\/10\/medidas1collage-993x1024.jpg 993w, https:\/\/cpgarciagaldeano.educacion.navarra.es\/web\/blogg5\/wp-content\/uploads\/sites\/6\/2016\/10\/medidas1collage.jpg 1154w\" sizes=\"(max-width: 291px) 100vw, 291px\" \/><\/a><a href=\"https:\/\/cpgarciagaldeano.educacion.navarra.es\/web\/blogg5\/wp-content\/uploads\/sites\/6\/2016\/10\/medidas2collage.jpg\"><img loading=\"lazy\" class=\"alignnone size-medium wp-image-1147\" src=\"https:\/\/cpgarciagaldeano.educacion.navarra.es\/web\/blogg5\/wp-content\/uploads\/sites\/6\/2016\/10\/medidas2collage-126x300.jpg\" alt=\"\" width=\"126\" height=\"300\" srcset=\"https:\/\/cpgarciagaldeano.educacion.navarra.es\/web\/blogg5\/wp-content\/uploads\/sites\/6\/2016\/10\/medidas2collage-126x300.jpg 126w, https:\/\/cpgarciagaldeano.educacion.navarra.es\/web\/blogg5\/wp-content\/uploads\/sites\/6\/2016\/10\/medidas2collage-768x1832.jpg 768w, https:\/\/cpgarciagaldeano.educacion.navarra.es\/web\/blogg5\/wp-content\/uploads\/sites\/6\/2016\/10\/medidas2collage-429x1024.jpg 429w, https:\/\/cpgarciagaldeano.educacion.navarra.es\/web\/blogg5\/wp-content\/uploads\/sites\/6\/2016\/10\/medidas2collage.jpg 809w\" sizes=\"(max-width: 126px) 100vw, 126px\" \/><\/a><a href=\"https:\/\/cpgarciagaldeano.educacion.navarra.es\/web\/blogg5\/wp-content\/uploads\/sites\/6\/2016\/10\/medidas3collage.jpg\"><img loading=\"lazy\" class=\"alignnone size-medium wp-image-1148\" src=\"https:\/\/cpgarciagaldeano.educacion.navarra.es\/web\/blogg5\/wp-content\/uploads\/sites\/6\/2016\/10\/medidas3collage-300x172.jpg\" alt=\"\" width=\"300\" height=\"172\" srcset=\"https:\/\/cpgarciagaldeano.educacion.navarra.es\/web\/blogg5\/wp-content\/uploads\/sites\/6\/2016\/10\/medidas3collage-300x172.jpg 300w, https:\/\/cpgarciagaldeano.educacion.navarra.es\/web\/blogg5\/wp-content\/uploads\/sites\/6\/2016\/10\/medidas3collage-768x441.jpg 768w, https:\/\/cpgarciagaldeano.educacion.navarra.es\/web\/blogg5\/wp-content\/uploads\/sites\/6\/2016\/10\/medidas3collage-1024x588.jpg 1024w, https:\/\/cpgarciagaldeano.educacion.navarra.es\/web\/blogg5\/wp-content\/uploads\/sites\/6\/2016\/10\/medidas3collage-500x287.jpg 500w, https:\/\/cpgarciagaldeano.educacion.navarra.es\/web\/blogg5\/wp-content\/uploads\/sites\/6\/2016\/10\/medidas3collage.jpg 1758w\" sizes=\"(max-width: 300px) 100vw, 300px\" \/><\/a><\/p>\n<p style=\"text-align: justify\">4. -N\u00daMEROS DECIMALES<\/p>\n<p style=\"text-align: justify\"><img loading=\"lazy\" class=\"alignnone size-full wp-image-701\" src=\"https:\/\/cpgarciagaldeano.educacion.navarra.es\/web\/blogg5\/wp-content\/uploads\/sites\/6\/2016\/10\/IMG_20161220_161034-COLLAGE.jpg\" alt=\"\" width=\"2046\" height=\"2046\" srcset=\"https:\/\/cpgarciagaldeano.educacion.navarra.es\/web\/blogg5\/wp-content\/uploads\/sites\/6\/2016\/10\/IMG_20161220_161034-COLLAGE.jpg 2046w, https:\/\/cpgarciagaldeano.educacion.navarra.es\/web\/blogg5\/wp-content\/uploads\/sites\/6\/2016\/10\/IMG_20161220_161034-COLLAGE-150x150.jpg 150w, https:\/\/cpgarciagaldeano.educacion.navarra.es\/web\/blogg5\/wp-content\/uploads\/sites\/6\/2016\/10\/IMG_20161220_161034-COLLAGE-300x300.jpg 300w, https:\/\/cpgarciagaldeano.educacion.navarra.es\/web\/blogg5\/wp-content\/uploads\/sites\/6\/2016\/10\/IMG_20161220_161034-COLLAGE-768x768.jpg 768w, https:\/\/cpgarciagaldeano.educacion.navarra.es\/web\/blogg5\/wp-content\/uploads\/sites\/6\/2016\/10\/IMG_20161220_161034-COLLAGE-1024x1024.jpg 1024w\" sizes=\"(max-width: 2046px) 100vw, 2046px\" \/><img loading=\"lazy\" class=\"alignnone size-full wp-image-702\" src=\"https:\/\/cpgarciagaldeano.educacion.navarra.es\/web\/blogg5\/wp-content\/uploads\/sites\/6\/2016\/10\/IMG_20161220_162058-COLLAGE.jpg\" alt=\"\" width=\"2047\" height=\"2047\" srcset=\"https:\/\/cpgarciagaldeano.educacion.navarra.es\/web\/blogg5\/wp-content\/uploads\/sites\/6\/2016\/10\/IMG_20161220_162058-COLLAGE.jpg 2047w, https:\/\/cpgarciagaldeano.educacion.navarra.es\/web\/blogg5\/wp-content\/uploads\/sites\/6\/2016\/10\/IMG_20161220_162058-COLLAGE-150x150.jpg 150w, https:\/\/cpgarciagaldeano.educacion.navarra.es\/web\/blogg5\/wp-content\/uploads\/sites\/6\/2016\/10\/IMG_20161220_162058-COLLAGE-300x300.jpg 300w, https:\/\/cpgarciagaldeano.educacion.navarra.es\/web\/blogg5\/wp-content\/uploads\/sites\/6\/2016\/10\/IMG_20161220_162058-COLLAGE-768x768.jpg 768w, https:\/\/cpgarciagaldeano.educacion.navarra.es\/web\/blogg5\/wp-content\/uploads\/sites\/6\/2016\/10\/IMG_20161220_162058-COLLAGE-1024x1024.jpg 1024w\" sizes=\"(max-width: 2047px) 100vw, 2047px\" \/><\/p>\n<p><iframe loading=\"lazy\" width=\"584\" height=\"329\" src=\"https:\/\/www.youtube.com\/embed\/lkZHNNj6VLk?feature=oembed\" frameborder=\"0\" gesture=\"media\" allowfullscreen><\/iframe><\/p>\n<p style=\"text-align: justify\"><a href=\"http:\/\/www.eltanquematematico.es\/todo_mate\/numdec\/numdecim_p.html\"><img loading=\"lazy\" class=\"alignnone wp-image-696 size-full\" src=\"https:\/\/cpgarciagaldeano.educacion.navarra.es\/web\/blogg5\/wp-content\/uploads\/sites\/6\/2016\/10\/num-decimales.jpg\" width=\"856\" height=\"641\" srcset=\"https:\/\/cpgarciagaldeano.educacion.navarra.es\/web\/blogg5\/wp-content\/uploads\/sites\/6\/2016\/10\/num-decimales.jpg 856w, https:\/\/cpgarciagaldeano.educacion.navarra.es\/web\/blogg5\/wp-content\/uploads\/sites\/6\/2016\/10\/num-decimales-300x225.jpg 300w, https:\/\/cpgarciagaldeano.educacion.navarra.es\/web\/blogg5\/wp-content\/uploads\/sites\/6\/2016\/10\/num-decimales-768x575.jpg 768w, https:\/\/cpgarciagaldeano.educacion.navarra.es\/web\/blogg5\/wp-content\/uploads\/sites\/6\/2016\/10\/num-decimales-401x300.jpg 401w\" sizes=\"(max-width: 856px) 100vw, 856px\" \/><\/a><\/p>\n<p style=\"text-align: center\"><a href=\"http:\/\/www3.gobiernodecanarias.org\/medusa\/ecoescuela\/secundaria\/files\/2012\/05\/OperayCompara_Decimales.swf\" target=\"_blank\" rel=\"noopener noreferrer\">Para practicar<\/a><\/p>\n<p style=\"text-align: justify\">3. -FRACCIONES<\/p>\n<p style=\"text-align: justify\"><strong><span style=\"color: #ff6600\">INTRODUCCI\u00d3N<\/span><\/strong><\/p>\n<p style=\"text-align: justify\"><a style=\"text-decoration: none\" href=\"https:\/\/phet.colorado.edu\/sims\/fractions\/fractions-intro_es.jnlp\"><img loading=\"lazy\" style=\"border: none\" src=\"https:\/\/phet.colorado.edu\/sims\/fractions\/fractions-intro-600.png\" alt=\"Introducci\u00f3n a las fracciones\" width=\"300\" height=\"197\" \/><br \/>\n<\/a><\/p>\n<div><\/div>\n<table style=\"width: 243px;height: 76px\">\n<tbody>\n<tr>\n<td style=\"text-align: center;color: #000;font-size: 24px;font-family: Arial,sans-serif\">Clic para iniciar<\/td>\n<\/tr>\n<\/tbody>\n<\/table>\n<p><strong><span style=\"color: #ff6600\">EMPAREJAR FRACCIONES<\/span><\/strong><\/p>\n<div style=\"width: 300px;height: 200px\"><a style=\"text-decoration: none\" href=\"https:\/\/phet.colorado.edu\/sims\/html\/fraction-matcher\/latest\/fraction-matcher_en.html\"><img loading=\"lazy\" style=\"border: none\" src=\"https:\/\/phet.colorado.edu\/sims\/html\/fraction-matcher\/latest\/fraction-matcher-600.png\" alt=\"Fraction Matcher\" width=\"300\" height=\"200\" \/><br \/>\n<\/a><\/div>\n<div><\/div>\n<table style=\"width: 200px;height: 80px\">\n<tbody>\n<tr>\n<td style=\"text-align: center;color: #000;font-size: 24px;font-family: Arial,sans-serif\">Clic para iniciar<\/td>\n<\/tr>\n<\/tbody>\n<\/table>\n<p>&nbsp;<\/p>\n<p>&nbsp;<\/p>\n<p>&nbsp;<\/p>\n<p><strong><span style=\"color: #ff6600\">CREAR UNA FRACCI\u00d3N<\/span><\/strong><\/p>\n<div style=\"width: 300px;height: 197px\">\n<p><a style=\"text-decoration: none\" href=\"https:\/\/phet.colorado.edu\/sims\/fractions\/build-a-fraction_es.jnlp\"><img loading=\"lazy\" class=\"alignright\" style=\"border: none\" src=\"https:\/\/phet.colorado.edu\/sims\/fractions\/build-a-fraction-600.png\" alt=\"Crear una fracci\u00f3n\" width=\"300\" height=\"197\" \/> <\/a><\/p>\n<div><\/div>\n<table style=\"width: 200px;height: 80px\">\n<tbody>\n<tr>\n<td style=\"text-align: center;color: #000;font-size: 24px;font-family: Arial,sans-serif\">Clic para iniciar<\/td>\n<\/tr>\n<\/tbody>\n<\/table>\n<\/div>\n<p>&nbsp;<\/p>\n<p>&nbsp;<\/p>\n<p>&nbsp;<\/p>\n<p>2. &#8211; MULTIPLICACI\u00d3N Y DIVISI\u00d3N DE N\u00daMEROS NATURALES<\/p>\n<div style=\"width: 300px;height: 200px\">\n<p><a style=\"text-decoration: none\" href=\"https:\/\/phet.colorado.edu\/sims\/html\/arithmetic\/latest\/arithmetic_en.html\"><img loading=\"lazy\" style=\"border: none\" src=\"https:\/\/phet.colorado.edu\/sims\/html\/arithmetic\/latest\/arithmetic-600.png\" alt=\"Arithmetic\" width=\"300\" height=\"200\" \/><\/a><\/p>\n<div><\/div>\n<table style=\"width: 289px;height: 30px\">\n<tbody>\n<tr>\n<td style=\"text-align: center;color: #000;font-size: 24px;font-family: Arial,sans-serif\">\n<p style=\"text-align: left\">\u00a0 Clic para Iniciar<\/p>\n<p>&nbsp;<\/td>\n<\/tr>\n<\/tbody>\n<\/table>\n<\/div>\n<p>&nbsp;<\/p>\n<p>&nbsp;<\/p>\n<p>&nbsp;<\/p>\n<p><span style=\"color: #ff6600\"><strong>DIVISI\u00d3N<\/strong><\/span><\/p>\n<p><a href=\"https:\/\/dl.dropboxusercontent.com\/u\/44162055\/multidiv_estandar\/multiplic_estandar.swf\">Practica<\/a><a href=\"https:\/\/cpgarciagaldeano.educacion.navarra.es\/web\/blogg5\/wp-content\/uploads\/sites\/6\/2016\/10\/matematicas3.jpg\"><img loading=\"lazy\" class=\"alignleft wp-image-89 size-thumbnail\" src=\"https:\/\/cpgarciagaldeano.educacion.navarra.es\/web\/blogg5\/wp-content\/uploads\/sites\/6\/2016\/10\/matematicas3-150x150.jpg\" width=\"150\" height=\"150\" \/><\/a>\u00a0y \u00a0entiende (Sigue el enlace)<\/p>\n<p><strong>Paso a paso<\/strong>\u00a0<a href=\"https:\/\/drive.google.com\/file\/d\/0B0OtiEvBUyLfOThjMTc5Y2QtZmFhMy00NmYzLWFhN2YtOGIwYmE1Y2Y4MjU4\/view?usp=sharing\">LA DIVISI\u00d3N DE DOS CIFRAS<\/a><\/p>\n<p>&nbsp;<\/p>\n<p>&nbsp;<\/p>\n<h1 style=\"text-align: left\"><strong><span style=\"color: #ff6600\">MULTIPLICACI\u00d3N<\/span><\/strong><\/h1>\n<p style=\"text-align: center\"><strong><span style=\"color: #008080\"><a href=\"https:\/\/cpgarciagaldeano.educacion.navarra.es\/web\/blogg5\/wp-content\/uploads\/sites\/6\/2016\/10\/terminos-de-la-MULTIPLICACI\u00d3N.jpg\"><img loading=\"lazy\" class=\"alignleft wp-image-88 size-thumbnail\" src=\"https:\/\/cpgarciagaldeano.educacion.navarra.es\/web\/blogg5\/wp-content\/uploads\/sites\/6\/2016\/10\/terminos-de-la-MULTIPLICACI\u00d3N-150x150.jpg\" alt=\"terminos-de-la-multiplicacion\" width=\"150\" height=\"150\" \/><\/a><\/span><\/strong><\/p>\n<p><a href=\"http:\/\/es.tiching.com\/link\/100002\" target=\"_blank\" rel=\"noopener noreferrer\"><img loading=\"lazy\" class=\"wp-image-114 size-thumbnail alignright\" src=\"https:\/\/cpgarciagaldeano.educacion.navarra.es\/web\/blogg5\/wp-content\/uploads\/sites\/6\/2016\/10\/Tema-3-15-150x150.jpg\" alt=\"tema-3-15\" width=\"150\" height=\"150\" \/><\/a><\/p>\n<p><a href=\"http:\/\/es.tiching.com\/link\/100002\" target=\"_blank\" rel=\"noopener noreferrer\"><img loading=\"lazy\" class=\"wp-image-110 size-thumbnail alignnone\" title=\"Practica\" src=\"https:\/\/cpgarciagaldeano.educacion.navarra.es\/web\/blogg5\/wp-content\/uploads\/sites\/6\/2016\/10\/Tema-3-7-150x150.jpg\" alt=\"tema-3-7\" width=\"150\" height=\"150\" \/><\/a><\/p>\n<p>1.- LOS N\u00daMEROS Y LAS OPERACIONES<\/p>\n<p style=\"text-align: left\"><strong><span style=\"color: #ff6600\">ADICI\u00d3N<\/span><\/strong><\/p>\n<p>\u00a0<strong><a href=\"https:\/\/cpgarciagaldeano.educacion.navarra.es\/web\/blogg5\/wp-content\/uploads\/sites\/6\/2016\/09\/terminos-de-la-suma.jpg\"><img loading=\"lazy\" class=\"alignleft wp-image-40 size-thumbnail\" src=\"https:\/\/cpgarciagaldeano.educacion.navarra.es\/web\/blogg5\/wp-content\/uploads\/sites\/6\/2016\/09\/terminos-de-la-suma-150x150.jpg\" alt=\"terminos-de-la-suma\" width=\"150\" height=\"150\" \/><\/a><img loading=\"lazy\" class=\"alignleft wp-image-113 size-thumbnail\" src=\"https:\/\/cpgarciagaldeano.educacion.navarra.es\/web\/blogg5\/wp-content\/uploads\/sites\/6\/2016\/10\/Tema-2-18-150x150.jpg\" alt=\"tema-2-18\" width=\"150\" height=\"150\" \/><\/strong><\/p>\n<p>&nbsp;<\/p>\n<p>&nbsp;<\/p>\n<p>&nbsp;<\/p>\n<p>&nbsp;<\/p>\n<p><strong><span style=\"color: #ff6600\">SUSTRACCI\u00d3N<\/span><\/strong><\/p>\n<p><img loading=\"lazy\" class=\"alignleft wp-image-41 size-thumbnail\" src=\"https:\/\/cpgarciagaldeano.educacion.navarra.es\/web\/blogg5\/wp-content\/uploads\/sites\/6\/2016\/09\/terminos-de-la-resta-150x150.jpg\" alt=\"terminos-de-la-resta\" width=\"150\" height=\"150\" \/><\/p>\n<p><strong>EJERCICIOS<\/strong><\/p>\n<p><a href=\"http:\/\/www.eltanquematematico.es\/todo_mate\/laresta\/laresta_p.html\" target=\"_blank\" rel=\"noopener noreferrer\">Practica la RESTA<\/a><\/p>\n<p><a href=\"http:\/\/web.educastur.princast.es\/ies\/pravia\/carpetas\/recursos\/mates\/anaya1\/datos\/01\/02.htm\">Practica el REDONDEO, la estimaci\u00f3n, la aproximaci\u00f3n<\/a><\/p>\n<p>&nbsp;<\/p>\n<p><strong>PRUEBA DE LA RESTA<\/strong><\/p>\n<p><img loading=\"lazy\" class=\"size-medium wp-image-44 aligncenter\" src=\"https:\/\/cpgarciagaldeano.educacion.navarra.es\/web\/blogg5\/wp-content\/uploads\/sites\/6\/2016\/10\/prueba-de-la-resta-300x82.jpg\" alt=\"prueba-de-la-resta\" width=\"300\" height=\"82\" srcset=\"https:\/\/cpgarciagaldeano.educacion.navarra.es\/web\/blogg5\/wp-content\/uploads\/sites\/6\/2016\/10\/prueba-de-la-resta-300x82.jpg 300w, https:\/\/cpgarciagaldeano.educacion.navarra.es\/web\/blogg5\/wp-content\/uploads\/sites\/6\/2016\/10\/prueba-de-la-resta-768x210.jpg 768w, https:\/\/cpgarciagaldeano.educacion.navarra.es\/web\/blogg5\/wp-content\/uploads\/sites\/6\/2016\/10\/prueba-de-la-resta-1024x281.jpg 1024w, https:\/\/cpgarciagaldeano.educacion.navarra.es\/web\/blogg5\/wp-content\/uploads\/sites\/6\/2016\/10\/prueba-de-la-resta-500x137.jpg 500w, https:\/\/cpgarciagaldeano.educacion.navarra.es\/web\/blogg5\/wp-content\/uploads\/sites\/6\/2016\/10\/prueba-de-la-resta.jpg 1358w\" sizes=\"(max-width: 300px) 100vw, 300px\" \/><\/p>\n<p><span style=\"color: #ff6600\"><strong>VALOR POSICIONAL<\/strong><\/span><\/p>\n<p><img loading=\"lazy\" class=\"alignnone size-full wp-image-36 alignleft\" src=\"https:\/\/cpgarciagaldeano.educacion.navarra.es\/web\/blogg5\/wp-content\/uploads\/sites\/6\/2016\/09\/tabla-valor-posicional.jpg\" alt=\"tabla-valor-posicional\" width=\"390\" height=\"108\" srcset=\"https:\/\/cpgarciagaldeano.educacion.navarra.es\/web\/blogg5\/wp-content\/uploads\/sites\/6\/2016\/09\/tabla-valor-posicional.jpg 390w, https:\/\/cpgarciagaldeano.educacion.navarra.es\/web\/blogg5\/wp-content\/uploads\/sites\/6\/2016\/09\/tabla-valor-posicional-300x83.jpg 300w\" sizes=\"(max-width: 390px) 100vw, 390px\" \/><\/p>\n","protected":false},"excerpt":{"rendered":"<p>CONTENIDOS CLAVE Han de proporcionar al alumnado la oportunidad de incorporar las matem\u00e1ticas al bagaje de saberes que le son \u00fatiles en la vida diaria, fortaleciendo las relaciones que hay entre las matem\u00e1ticas y el mundo que le rodea; donde &hellip; <a href=\"https:\/\/cpgarciagaldeano.educacion.navarra.es\/web\/blogg5\/mates\/\">Sigue leyendo <span class=\"meta-nav\">&rarr;<\/span><\/a><\/p>\n","protected":false},"author":1,"featured_media":0,"parent":0,"menu_order":0,"comment_status":"closed","ping_status":"closed","template":"sidebar-page.php","meta":[],"_links":{"self":[{"href":"https:\/\/cpgarciagaldeano.educacion.navarra.es\/web\/blogg5\/wp-json\/wp\/v2\/pages\/29"}],"collection":[{"href":"https:\/\/cpgarciagaldeano.educacion.navarra.es\/web\/blogg5\/wp-json\/wp\/v2\/pages"}],"about":[{"href":"https:\/\/cpgarciagaldeano.educacion.navarra.es\/web\/blogg5\/wp-json\/wp\/v2\/types\/page"}],"author":[{"embeddable":true,"href":"https:\/\/cpgarciagaldeano.educacion.navarra.es\/web\/blogg5\/wp-json\/wp\/v2\/users\/1"}],"replies":[{"embeddable":true,"href":"https:\/\/cpgarciagaldeano.educacion.navarra.es\/web\/blogg5\/wp-json\/wp\/v2\/comments?post=29"}],"version-history":[{"count":88,"href":"https:\/\/cpgarciagaldeano.educacion.navarra.es\/web\/blogg5\/wp-json\/wp\/v2\/pages\/29\/revisions"}],"predecessor-version":[{"id":1364,"href":"https:\/\/cpgarciagaldeano.educacion.navarra.es\/web\/blogg5\/wp-json\/wp\/v2\/pages\/29\/revisions\/1364"}],"wp:attachment":[{"href":"https:\/\/cpgarciagaldeano.educacion.navarra.es\/web\/blogg5\/wp-json\/wp\/v2\/media?parent=29"}],"curies":[{"name":"wp","href":"https:\/\/api.w.org\/{rel}","templated":true}]}}