{"id":178,"date":"2021-09-19T20:36:00","date_gmt":"2021-09-19T18:36:00","guid":{"rendered":"http:\/\/cpgarciagaldeano.educacion.navarra.es\/web\/?page_id=178"},"modified":"2021-09-24T10:49:16","modified_gmt":"2021-09-24T08:49:16","slug":"familia","status":"publish","type":"page","link":"https:\/\/cpgarciagaldeano.educacion.navarra.es\/web\/familia\/","title":{"rendered":"INFO-FAMILIA"},"content":{"rendered":"\n<p><\/p>\n\n\n\n<h2>ACTIVIDADES EXTRAESCOLARES CURSO 2021-22<\/h2>\n\n\n\n<figure class=\"wp-block-gallery columns-1 is-cropped\"><ul class=\"blocks-gallery-grid\"><li class=\"blocks-gallery-item\"><figure><a href=\"https:\/\/cpgarciagaldeano.educacion.navarra.es\/web\/wp-content\/uploads\/2021\/09\/Extraescolares-21.22-2.jpg\"><img loading=\"lazy\" width=\"1024\" height=\"635\" src=\"https:\/\/cpgarciagaldeano.educacion.navarra.es\/web\/wp-content\/uploads\/2021\/09\/Extraescolares-21.22-2-1024x635.jpg\" alt=\"\" data-id=\"1814\" data-full-url=\"https:\/\/cpgarciagaldeano.educacion.navarra.es\/web\/wp-content\/uploads\/2021\/09\/Extraescolares-21.22-2.jpg\" data-link=\"https:\/\/cpgarciagaldeano.educacion.navarra.es\/web\/familia\/extraescolares-21-22-2\/\" class=\"wp-image-1814\" srcset=\"https:\/\/cpgarciagaldeano.educacion.navarra.es\/web\/wp-content\/uploads\/2021\/09\/Extraescolares-21.22-2-1024x635.jpg 1024w, https:\/\/cpgarciagaldeano.educacion.navarra.es\/web\/wp-content\/uploads\/2021\/09\/Extraescolares-21.22-2-300x186.jpg 300w, https:\/\/cpgarciagaldeano.educacion.navarra.es\/web\/wp-content\/uploads\/2021\/09\/Extraescolares-21.22-2-768x477.jpg 768w, https:\/\/cpgarciagaldeano.educacion.navarra.es\/web\/wp-content\/uploads\/2021\/09\/Extraescolares-21.22-2-1536x953.jpg 1536w, https:\/\/cpgarciagaldeano.educacion.navarra.es\/web\/wp-content\/uploads\/2021\/09\/Extraescolares-21.22-2.jpg 1621w\" sizes=\"(max-width: 1024px) 100vw, 1024px\" \/><\/a><\/figure><\/li><\/ul><\/figure>\n\n\n<h2>ACTIVIDADES EXTRAESCOLARES CURSO 2019-20<a href=\"https:\/\/cpgarciagaldeano.educacion.navarra.es\/web\/wp-content\/uploads\/2019\/10\/extraesolares.jpg\"><img loading=\"lazy\" class=\"size-full wp-image-1520 aligncenter\" src=\"https:\/\/cpgarciagaldeano.educacion.navarra.es\/web\/wp-content\/uploads\/2019\/10\/extraesolares.jpg\" alt=\"\" width=\"737\" height=\"487\" srcset=\"https:\/\/cpgarciagaldeano.educacion.navarra.es\/web\/wp-content\/uploads\/2019\/10\/extraesolares.jpg 737w, https:\/\/cpgarciagaldeano.educacion.navarra.es\/web\/wp-content\/uploads\/2019\/10\/extraesolares-300x198.jpg 300w\" sizes=\"(max-width: 737px) 100vw, 737px\" \/><\/a><\/h2>\n<h2>ACTIVIDADES EXTRAESCOLARES CURSO 2018-19<\/h2>\n<p>Estimadas familias:<\/p>\n<p>Con \u00a0el \u00a0fin\u00a0 de \u00a0concretar \u00a0la \u00a0organizaci\u00f3n \u00a0de \u00a0las \u00a0actividades \u00a0del \u00a0centro \u00a0les \u00a0informamos \u00a0de \u00a0las novedades con respecto a cursos anteriores y al presente curso:<\/p>\n<p style=\"text-align: center;\"><a href=\"https:\/\/cpgarciagaldeano.educacion.navarra.es\/web\/wp-content\/uploads\/2019\/01\/HorarioExtra-2.jpg\"><img loading=\"lazy\" class=\"alignnone wp-image-1440\" src=\"https:\/\/cpgarciagaldeano.educacion.navarra.es\/web\/wp-content\/uploads\/2019\/01\/HorarioExtra-2.jpg\" alt=\"\" width=\"876\" height=\"461\" srcset=\"https:\/\/cpgarciagaldeano.educacion.navarra.es\/web\/wp-content\/uploads\/2019\/01\/HorarioExtra-2.jpg 876w, https:\/\/cpgarciagaldeano.educacion.navarra.es\/web\/wp-content\/uploads\/2019\/01\/HorarioExtra-2-300x158.jpg 300w, https:\/\/cpgarciagaldeano.educacion.navarra.es\/web\/wp-content\/uploads\/2019\/01\/HorarioExtra-2-768x404.jpg 768w\" sizes=\"(max-width: 876px) 100vw, 876px\" \/><\/a><\/p>\n<p><strong>Organizadas por la asociaci\u00f3n Beti Gazte<\/strong><\/p>\n<p>Alumnado de 1\u00ba a 5\u00ba de E. Primaria. Comenzaron en octubre y se desarrollan en<br \/>sus locales los mi\u00e9rcoles y jueves de 18h a 19h.<\/p>\n<p><strong>Organizadas por el centro<\/strong><\/p>\n<p>Tertulias dial\u00f3gicas para adultos, miembros de la Comunidad Educativa, un viernes<br \/>al mes.<br \/>Tertulias dial\u00f3gicas para alumnado de 4\u00ba, 5\u00ba y 6\u00ba de E. Primaria, familias,<br \/>profesorado y otros miembros de la Comunidad, un lunes al mes.<\/p>\n<h2>ACTIVIDADES EXTRAESCOLARES CURSO 2017-18<\/h2>\n<p><strong><span style=\"color: #0000ff;\">INFANTIL<\/span><\/strong><\/p>\n<ul>\n<li><span style=\"color: #ff6600;\">TALLER DE PSICOMOTRICIDAD<\/span><\/li>\n<\/ul>\n<p><span style=\"color: #000000;\">De lunes a jueves de 16h a 17h. Aula de psicomotricidad<\/span><\/p>\n<p><strong><span style=\"color: #0000ff;\">PRIMER CICLO<\/span><\/strong><\/p>\n<ul>\n<li><span style=\"color: #ff6600;\">BIBLIOTECA TUTORIZADA<\/span><\/li>\n<\/ul>\n<p>De lunes a mi\u00e9rcoles de 16h a 17h. Aula primer ciclo<\/p>\n<ul>\n<li><span style=\"color: #ff6600;\">TALLER ART\u00cdSTICO<\/span><\/li>\n<\/ul>\n<p>Lunes de 16h a 17h. Aula de pl\u00e1stica<\/p>\n<ul>\n<li><span style=\"color: #ff6600;\">TALLER DE IDIOMAS<\/span><\/li>\n<\/ul>\n<p>Mi\u00e9rcoles de 16h a 17h. Aula de ingl\u00e9s<\/p>\n<ul>\n<li><span style=\"color: #ff6600;\">MULTIACTIVIDAD<\/span><\/li>\n<\/ul>\n<p>Jueves de 16h a 17h. Patio<\/p>\n<p><strong><span style=\"color: #0000ff;\">SEGUNDO CICLO<\/span><\/strong><\/p>\n<ul>\n<li><span style=\"color: #ff6600;\">BIBLIOTECA TUTORIZADA<\/span><\/li>\n<\/ul>\n<p>De lunes a jueves de 16h a 17h. Aula 4\u00ba B<\/p>\n<ul>\n<li><span style=\"color: #ff6600;\">AIKIDO<\/span><\/li>\n<\/ul>\n<p>Martes y jueves\u00a016h a 17h. En el PolideportivoEzkaba<\/p>\n<ul>\n<li><span style=\"color: #ff6600;\">INGL\u00c9S<\/span><\/li>\n<\/ul>\n<p>Mi\u00e9rcoles de 16h a 17h. Aula 5\u00baA<\/p>\n<ul>\n<li><span style=\"color: #ff6600;\">BALONCESTO<\/span><\/li>\n<\/ul>\n<p>Jueves de 16h a 17h. En el PolideportivoEzkaba<\/p>\n<p><span style=\"color: #0000ff;\"><strong>TERCER CICLO<\/strong><\/span><\/p>\n<ul>\n<li><span style=\"color: #ff6600;\">BIBLIOTECA TUTORIZADA<\/span><\/li>\n<\/ul>\n<p>De lunes a jueves de 16h a 17h. Biblioteca<\/p>\n<ul>\n<li><span style=\"color: #ff6600;\">TALLER DE INFORM\u00c1TICA<\/span><\/li>\n<\/ul>\n<p>Martes de 16h a 17h. Aula de inform\u00e1tica<\/p>\n<ul>\n<li><span style=\"color: #ff6600;\">AIKIDO<\/span><\/li>\n<\/ul>\n<p>Martes y jueves\u00a016h a 17h. En el PolideportivoEzkaba<\/p>\n<ul>\n<li><span style=\"color: #ff6600;\">FRANC\u00c9S<\/span><\/li>\n<\/ul>\n<p>Mi\u00e9rcoles de 16h a 17h. Aula 5\u00baB<\/p>\n<ul>\n<li><span style=\"color: #ff6600;\">BALONCESTO<\/span><\/li>\n<\/ul>\n<p>Jueves de 16h a 17h. En el PolideportivoEzkaba<\/p>\n<p><strong><span style=\"color: #0000ff;\">AULA TEA<\/span><\/strong><\/p>\n<ul>\n<li><span style=\"color: #ff6600;\">MANUALIDADES<\/span><\/li>\n<\/ul>\n<p>Martes de 16h a 17h. Aula 6\u00baB<\/p>\n<ul>\n<li><span style=\"color: #ff6600;\">YOGA<\/span><\/li>\n<\/ul>\n<p>Jueves de 16h a 17h. Aula 6\u00baB<\/p>\n<ul>\n<li><span style=\"color: #ff6600;\">MULTIACTIVIDAD\u00a0<\/span><\/li>\n<\/ul>\n<p>Lunes y mi\u00e9rcoles de 16h a 17h. En el PolideportivoEzkaba<\/p>\n<h2>\u00a0<\/h2>\n<h2>ACTIVIDADES EXTRAESCOLARES CURSO 2016-17<\/h2>\n<p>Estimadas familias:<\/p>\n<p>Con \u00a0el \u00a0fin\u00a0 de \u00a0concretar \u00a0la \u00a0organizaci\u00f3n \u00a0de \u00a0las \u00a0actividades \u00a0del \u00a0centro \u00a0les \u00a0informamos \u00a0de \u00a0las novedades con respecto a cursos anteriores y al presente curso:<\/p>\n<p><span style=\"color: #ff6600;\"><strong><u>I<\/u><\/strong><strong><u>N<\/u><\/strong><strong><u>G<\/u><\/strong><\/span><strong><span style=\"color: #ff6600;\"><u>L\u00c9S<\/u>:<\/span>\u00a0<\/strong>esta actividad se oferta los mi\u00e9rcoles para el alumnado de primaria:<\/p>\n<p>De 1\u00ba a 3\u00ba EP: de 15.00h a 16.00h<\/p>\n<p>De 4\u00ba a 6\u00ba EP: de 16.00h a 17.00h<\/p>\n<p>Adultos: Jueves de 17.00h a 18.00h<\/p>\n<p><span style=\"color: #ff6600;\"><strong><u>FRANC\u00c9S<\/u><\/strong><\/span>: esta actividad que surgi\u00f3 de los sue\u00f1os de la comunidad sigue organiz\u00e1ndose principalmente para el alumnado de 4\u00ba a 6\u00ba de EP. Se aceptar\u00e1n hasta 20 solicitudes. La actividad se desarrolla los mi\u00e9rcoles de 15h a 16h y es gratuita. La responsable de la actividad es Estrella Rojo, maestra de ingl\u00e9s del centro.<\/p>\n<p><span style=\"color: #ff6600;\"><strong><u>\u00c1RABE<\/u><\/strong>:<\/span> esta actividad <strong><u>NO<\/u> <\/strong>se desarrollar\u00e1 este curso debido a cuestiones organizativas, ya que no se\u00a0cuenta con voluntariado.<\/p>\n<p><span style=\"color: #ff6600;\"><strong><u>AIKIDO<\/u><\/strong>:<\/span> esta actividad se llevar\u00e1 a cabo los martes y jueves de 17.00h a 18.00h en el PolideportivoEzkaba.<\/p>\n<p><span style=\"color: #ff6600;\"><strong><u>I<\/u><\/strong><strong><u>LUSTRACI\u00d3N Y C\u00d3MIC<\/u><\/strong><strong>: <\/strong><\/span>esta actividad se realizar\u00e1 los mi\u00e9rcoles de 17.00h a 18.00h<\/p>\n<p><span style=\"color: #ff6600;\"><strong><u>DIBUJO<\/u><\/strong><strong>: <\/strong><\/span>esta actividad se realizar\u00e1 los lunes de 17.00h a 18.00h.<\/p>\n<h3 style=\"text-align: center;\"><span style=\"color: #000000;\"><strong>N<\/strong><strong>OVEDADES CURSO 2016-2017<\/strong><\/span><\/h3>\n<p style=\"text-align: justify;\"><span style=\"color: #ff6600;\"><strong><u>AJEDREZ<\/u><\/strong>:<\/span> este curso se llevar\u00e1 a cabo esta actividad los jueves de 17h a 18h. para los alumnos de 3\u00ba\u00a0a 6\u00ba EP. Si alg\u00fan alumno o alumna estuviera interesado en participar en esta actividad en otro d\u00eda y horario\u00a0<strong><u>pued<\/u><\/strong><strong><u>e acudir al Club de Ajedrez<\/u><\/strong> del barrio solicitando m\u00e1s informaci\u00f3n sobre la actividad.<\/p>\n<p><span style=\"color: #ff6600;\"><strong><u>T<\/u><\/strong><strong><u>EATRO<\/u><\/strong><strong>: <\/strong><\/span>esta actividad se realizar\u00e1 los lunes de 14.00h a 15.00h para el alumnado de Educaci\u00f3n\u00a0Infantil y 1\u00ba y 2\u00ba de Educaci\u00f3n Primaria.<\/p>\n<p style=\"text-align: center;\"><strong>IMPORTANTE<\/strong><\/p>\n<p>El precio de cada actividad ser\u00e1 de <strong><u>80 euros<\/u> <\/strong>desde el comienzo hasta su finalizaci\u00f3n en mayo, a excepci\u00f3n de franc\u00e9s que no tiene coste por ser un sue\u00f1o del alumnado.<\/p>\n<h3 style=\"text-align: center;\">\u00a0<\/h3>\n<h2 style=\"text-align: left;\">EXCURSIONES<\/h2>\n<p>Salidas organizadas por Javier Rey los domingos a diferentes puntos de la geograf\u00eda Navarra. (Se ir\u00e1 informando de fechas y lugares).<\/p>\n\n\n<p>ACTIVIDADES EXTRAESCOLARES CURSO 2019-20<\/p>\n","protected":false},"excerpt":{"rendered":"<p>ACTIVIDADES EXTRAESCOLARES CURSO 2021-22 ACTIVIDADES EXTRAESCOLARES CURSO 2019-20 ACTIVIDADES EXTRAESCOLARES CURSO 2018-19 Estimadas familias: Con \u00a0el \u00a0fin\u00a0 de \u00a0concretar \u00a0la \u00a0organizaci\u00f3n \u00a0de \u00a0las \u00a0actividades \u00a0del \u00a0centro \u00a0les \u00a0informamos \u00a0de \u00a0las novedades con respecto a cursos anteriores y al presente curso: Organizadas por la asociaci\u00f3n Beti Gazte Alumnado de 1\u00ba a 5\u00ba de E. Primaria. Comenzaron [&hellip;]<\/p>\n","protected":false},"author":1,"featured_media":0,"parent":0,"menu_order":0,"comment_status":"closed","ping_status":"closed","template":"","meta":{"_genesis_hide_title":false,"_genesis_hide_breadcrumbs":false,"_genesis_hide_singular_image":false,"_genesis_hide_footer_widgets":false,"_genesis_custom_body_class":"","_genesis_custom_post_class":"","_genesis_layout":""},"_links":{"self":[{"href":"https:\/\/cpgarciagaldeano.educacion.navarra.es\/web\/wp-json\/wp\/v2\/pages\/178"}],"collection":[{"href":"https:\/\/cpgarciagaldeano.educacion.navarra.es\/web\/wp-json\/wp\/v2\/pages"}],"about":[{"href":"https:\/\/cpgarciagaldeano.educacion.navarra.es\/web\/wp-json\/wp\/v2\/types\/page"}],"author":[{"embeddable":true,"href":"https:\/\/cpgarciagaldeano.educacion.navarra.es\/web\/wp-json\/wp\/v2\/users\/1"}],"replies":[{"embeddable":true,"href":"https:\/\/cpgarciagaldeano.educacion.navarra.es\/web\/wp-json\/wp\/v2\/comments?post=178"}],"version-history":[{"count":34,"href":"https:\/\/cpgarciagaldeano.educacion.navarra.es\/web\/wp-json\/wp\/v2\/pages\/178\/revisions"}],"predecessor-version":[{"id":1815,"href":"https:\/\/cpgarciagaldeano.educacion.navarra.es\/web\/wp-json\/wp\/v2\/pages\/178\/revisions\/1815"}],"wp:attachment":[{"href":"https:\/\/cpgarciagaldeano.educacion.navarra.es\/web\/wp-json\/wp\/v2\/media?parent=178"}],"curies":[{"name":"wp","href":"https:\/\/api.w.org\/{rel}","templated":true}]}}